{"id":652,"date":"2025-02-03T19:01:20","date_gmt":"2025-02-03T19:01:20","guid":{"rendered":"https:\/\/kasemaa.ee\/m\/?page_id=652"},"modified":"2025-05-26T10:02:33","modified_gmt":"2025-05-26T10:02:33","slug":"eredaks2025","status":"publish","type":"page","link":"https:\/\/kasemaa.ee\/m\/eredaks2025\/","title":{"rendered":"&#8220;EREDAKS&#8221; Tartu Kunstimaja Monumentaalgaleriis 31.01.\u201302.03.2025."},"content":{"rendered":"\n<p>I <a href=\"#Tutvustus\"><strong><span style=\"text-decoration: underline;\">N\u00e4ituse pikem tutvustus<\/span><\/strong><\/a> I <a href=\"#CV\"><strong><span style=\"text-decoration: underline;\">CV<\/span><\/strong><\/a> I <a href=\"https:\/\/photos.app.goo.gl\/2zPhGttFmAR5a6Xr7\" data-type=\"link\" data-id=\"https:\/\/photos.app.goo.gl\/2zPhGttFmAR5a6Xr7\"><strong><span style=\"text-decoration: underline;\">Fotod teostest, n\u00e4ituselt ja avamiselt<\/span><\/strong><\/a> III <a href=\"https:\/\/kasemaa.ee\/m\/eredaks2025en\/\" data-type=\"page\" data-id=\"628\"><span style=\"text-decoration: underline;\">About the exhibition<\/span><strong><span style=\"text-decoration: underline;\"> in English<\/span><\/strong><\/a> I<\/p>\n\n\n\n<p><strong>N\u00e4itusel on valik \u00f5limaale (ka edaspidi t\u00e4ienevatest) seeriatest:<\/strong> \u201cEre\u201d <a href=\"http:\/\/m.art.ee\/ere\">m.art.ee\/ere<\/a>, \u201cTume\u201d<strong> <\/strong><a href=\"http:\/\/m.art.ee\/tume\">m.art.ee\/tume<\/a> ja tindimaale seeriast \u201cHall\u201d <a href=\"http:\/\/m.art.ee\/hall\">m.art.ee\/hall<\/a>. &#8220;Hallid&#8221; v\u00f5ivad olla omaette teosed v\u00f5i areneda edasi eredateks v\u00f5i tumedateks \u00f5limaalideks. <br><strong>Uued teosed, fotod ja videod protsessist<\/strong>, lisanduvad sotsiaalmeedias: <a href=\"http:\/\/fb.com\/kasemaakunst\">fb.com\/kasemaakunst<\/a> ja <a href=\"http:\/\/instagram.com\/kasemaart\/\">instagram.com\/kasemaart\/<\/a> ning edaspidi ka aadressil <a href=\"http:\/\/m.art.ee\/0\">m.art.ee\/0<\/a>  <br>Vt ka teisi seeriaid: <a href=\"https:\/\/kasemaa.ee\/m\/et\/\">https:\/\/kasemaa.ee\/m\/et\/<\/a><\/p>\n\n\n\n<p><strong>Ostmiseks, tellimiseks ja t\u00e4psemaks infoks <\/strong>paluks julgesti kontakteeruda tel: (+372) 51 17 148, e-mail: m@art.ee, DM: <a href=\"http:\/\/m.me\/markus.kasemaa\">m.me\/markus.kasemaa<\/a><\/p>\n\n\n\n<p>&gt;&gt; <a href=\"https:\/\/photos.app.goo.gl\/2zPhGttFmAR5a6Xr7\">Vaata fotosid n\u00e4ituselt, avamisel, jne:<\/a> <\/p>\n\n\n\n<figure class=\"wp-block-image size-large is-resized\"><a href=\"https:\/\/photos.app.goo.gl\/2zPhGttFmAR5a6Xr7\"><img loading=\"lazy\" decoding=\"async\" width=\"649\" height=\"1024\" data-attachment-id=\"790\" data-permalink=\"https:\/\/kasemaa.ee\/m\/eredaks2025\/kuvatommis-2025-05-26-125145\/\" data-orig-file=\"https:\/\/kasemaa.ee\/m\/wp-content\/uploads\/2025\/05\/Kuvatommis-2025-05-26-125145.png\" data-orig-size=\"1079,1703\" data-comments-opened=\"1\" data-image-meta=\"{&quot;aperture&quot;:&quot;0&quot;,&quot;credit&quot;:&quot;&quot;,&quot;camera&quot;:&quot;&quot;,&quot;caption&quot;:&quot;&quot;,&quot;created_timestamp&quot;:&quot;0&quot;,&quot;copyright&quot;:&quot;&quot;,&quot;focal_length&quot;:&quot;0&quot;,&quot;iso&quot;:&quot;0&quot;,&quot;shutter_speed&quot;:&quot;0&quot;,&quot;title&quot;:&quot;&quot;,&quot;orientation&quot;:&quot;0&quot;}\" data-image-title=\"Kuvat\u00f5mmis 2025-05-26 125145\" data-image-description=\"\" data-image-caption=\"\" data-medium-file=\"https:\/\/kasemaa.ee\/m\/wp-content\/uploads\/2025\/05\/Kuvatommis-2025-05-26-125145-190x300.png\" data-large-file=\"https:\/\/kasemaa.ee\/m\/wp-content\/uploads\/2025\/05\/Kuvatommis-2025-05-26-125145-649x1024.png\" src=\"https:\/\/kasemaa.ee\/m\/wp-content\/uploads\/2025\/05\/Kuvatommis-2025-05-26-125145-649x1024.png\" alt=\"\" class=\"wp-image-790\" style=\"width:341px;height:auto\" srcset=\"https:\/\/kasemaa.ee\/m\/wp-content\/uploads\/2025\/05\/Kuvatommis-2025-05-26-125145-649x1024.png 649w, https:\/\/kasemaa.ee\/m\/wp-content\/uploads\/2025\/05\/Kuvatommis-2025-05-26-125145-600x947.png 600w, https:\/\/kasemaa.ee\/m\/wp-content\/uploads\/2025\/05\/Kuvatommis-2025-05-26-125145-190x300.png 190w, https:\/\/kasemaa.ee\/m\/wp-content\/uploads\/2025\/05\/Kuvatommis-2025-05-26-125145-768x1212.png 768w, https:\/\/kasemaa.ee\/m\/wp-content\/uploads\/2025\/05\/Kuvatommis-2025-05-26-125145-973x1536.png 973w, https:\/\/kasemaa.ee\/m\/wp-content\/uploads\/2025\/05\/Kuvatommis-2025-05-26-125145-8x12.png 8w, https:\/\/kasemaa.ee\/m\/wp-content\/uploads\/2025\/05\/Kuvatommis-2025-05-26-125145.png 1079w\" sizes=\"auto, (max-width: 649px) 100vw, 649px\" \/><\/a><\/figure>\n\n\n\n<h2 class=\"wp-block-heading\" id=\"Tutvustus\"><strong>N\u00e4ituse tutvustus<\/strong><\/h2>\n\n\n\n<p><strong>N\u00e4itusest<\/strong><br>Enamasti s\u00fcnnivad mu teosed automaatjoonistuse r\u00e4gastikus midagi m\u00e4rgates v\u00f5i ette kujutades ning<br>seda edasi arendades. V\u00e4ldin nii enda kui vaataja jaoks t\u00f5lgendamist, sest see piiraks erinevaid<br>interpretatsioone. Samal p\u00f5hjusel ei ole teostel ka pealkirju. Selliseid teoseid v\u00f5ib nimetada ka<br>omamoodi tindiplekitestideks, mille puhul on iga\u00fchel v\u00f5imalus leida omaenda t\u00f5lgendus.<br>Kunstitehnilises m\u00f5ttes on k\u00e4esoleval n\u00e4itusel realiseerunud ja segunenud mitmed ammused<br>suunad, huvid ja plaanid, mis on grupeeritud seeriateks t\u00f6\u00f6pealkirjadega \u201cEre\u201d (<a href=\"http:\/\/m.art.ee\/ere\">m.art.ee\/ere<\/a>), \u201cTume\u201d<br>(<a href=\"http:\/\/m.art.ee\/tume\">m.art.ee\/tume<\/a>) ja \u201cHall\u201d (<a href=\"http:\/\/m.art.ee\/hall\">m.art.ee\/hall<\/a>). Seda kooslust v\u00f5ib vaadelda ka kui protsessi \u2012 paremal<br>seinal on algsed v\u00e4hem v\u00f5i rohkem visandlikud halltoonides maalid, mis v\u00f5ivad olla omaette teosed<br>v\u00f5i areneda edasi kas eredas v\u00f5i tumedas suunas.<br><\/p>\n\n\n\n<p><strong>Ajaloost<\/strong><br>Kuigi nii mu maaliosakonna diplomit\u00f6\u00f6, kui ka sellele j\u00e4rgnev periood oli \u00fcsna v\u00e4rvilised ja ruumilised<br>(nt <a href=\"http:\/\/m.art.ee\/f0\">m.art.ee\/f0<\/a>), piirdusin p\u00e4rast seda \u00fcsna kaua halltoonides akr\u00fc\u00fclide ja pliiatsijoonistustega (nt<br>\u201cFiguurid 1\u201d (<a href=\"http:\/\/m.art.ee\/f1\">m.art.ee\/f1<\/a>) \u201cFiguurid 2\u201d (<a href=\"http:\/\/m.art.ee\/f2\">m.art.ee\/f2<\/a>). Sisu ja kujund tundusid huvitavamad kui v\u00e4rv. Nende<br>p\u00f5hjal sai korraldatud hulk n\u00e4itusi nii Eestis kui v\u00e4lisriikides. Nende raames eksperimenteerisin ka<br>kunstiloome ja -protsessi kontseptsionaalse poolega, korraldades n\u00e4itusi eelk\u00f5ige n-\u00f6 avalikel<br>pindadel \u2012 koolides, kontorites, linnaruumis, kaubanduskeskustes, virtuaalmaailmas Secondlife jne.<br>Muuhulgas olid katsetuste teemadeks, kuidas, kus ja kas kunst vaatajani j\u00f5uab, mis on kunsti roll, jms.<br>M\u00f5tted ja kogemused kanaliseerusid esitlusteks, mida pidasin koolides, asutustes, ettev\u00f5tetes \u2012 neist<br>iselaadseim ehk Araabiamaade suurimal majanduskonverentsil Innovation Arabia 8 Dubais. Eelnevast<br>tulenevalt esinesin n-\u00f6 tavagaleriides taotluslikult harva, k\u00fcll aga \u00fcsna palju erinevates muuseumite<br>vms juures olevates n\u00e4ituseruumides. Kulminatsiooniks oli ehk 2022 toimunud mahukas isikun\u00e4itus<br>ca 40 teosest Ankara moodsa kunsti muuseumis CerModern.<br>Umbes 10 aasta eest sukeldusin p\u00f5nevusega tindijoonistuse \u017eanrisse m.art.ee\/tint, luues sadu teoseid<br>nii paberil kui l\u00f5uendil, osad neist ka taas veidi v\u00e4rvi puutuvalt, aga seda siiski veel pelgalt koloreerivas<br>funktsioonis. M\u00e4letan, et v\u00e4rv ei pakkunud \u00fcldse huvi \u2012 ei olnud tunnet, et see midagi juurde annaks.<br>Sellesse perioodi j\u00e4i ka hulk teemap\u00f5hiseid seeriaid ja projekte, samuti siiani j\u00e4tkuvad mitmesugused<br>koost\u00f6\u00f6projektid nt teadlaste, arstidega (<a href=\"http:\/\/m.art.ee\/medicine\">m.art.ee\/medicine<\/a>), juurateemaline seeria <a href=\"http:\/\/m.art.ee\/law\">(m.art.ee\/law<\/a>),<br>millest on p\u00fcsin\u00e4itus Eesti Riigikohtus, improkaartide seeria <a href=\"http:\/\/m.art.ee\/maps\">m.art.ee\/maps<\/a>, improportreede seeria<br>(<a href=\"http:\/\/m.art.ee\/improportreed\">m.art.ee\/improportreed<\/a>). Teosed j\u00f5udsid nt ajakirjade Nature ja Cell kaantele, Eesti Teadusatlasesse,<br>jms.<br>V\u00e4rvi juurde tagasituleku ajendiks v\u00f5i kiirendajaks umbes 5 aastat tagasi v\u00f5isid poolnaljaga \u00f6eldes olla<br>kohvikuvestlused kunstiteadlase Krista Piirim\u00e4ega, kus meie vestlustele omaselt l\u00f5\u00f5pivas vormis<br>noomis ta mind taas v\u00e4rvi puudumise teemal ning arvas, et ega ma vist oskagi enam. V\u00f5ibolla<br>v\u00e4ikesest trotsist, aga pigem ikka ammusest huvist hakkasin taas katsetama tindi, gua\u0161\u0161ide ja<br>akvarellidega paberil (<a href=\"http:\/\/m.art.ee\/tintvarv\">m.art.ee\/tintvarv<\/a>) ja l\u00f5uendil (<a href=\"http:\/\/m.art.ee\/tintvarvlouendil\">m.art.ee\/tintvarvlouendil<\/a>) ning seej\u00e4rel taas \u00f5lidega.<br>Selle tulemus ka antud n\u00e4itusel v\u00e4ljas.<\/p>\n\n\n\n<h2 class=\"wp-block-heading\" id=\"CV\"><strong>CV<\/strong><\/h2>\n\n\n\n<p>Markus Kasemaa (s. 1972) on vabakutseline kunstnik. \u00d5ppinud kunsti Tartu Kunstikooli<br>skulptuuriosakonnas (1990\u20131991) ning Tartu \u00dclikooli Filosoofiateaduskonna maaliosakonnas (1991-<br>1995). Ta on Eesti Kunstnike Liidu ja Tartu Kunstnike Liidu liige.<\/p>\n\n\n\n<p>50+ isikun\u00e4itust Eestis, Rootsis, Soomes, Taanis, Belgias, Austrias, Portugalis, Venemaal, Malaisias,<br>UK-s, NY-s, Araabia \u00dchendemiraatides, T\u00fcrgis, Secondlife-s, jne. Muuhulgas Ankara Moodsa kunsti<br>muuseum CerModern; Dataran Undrgrnd, Kuala Lumpur, Malaysia; Kelm\u0117 Regiooni Muuseum, Leedu;<br>Kunstraum B, Kiel, Saksamaa; Kommunikatsiooni ajaloo muuseum, Kaunas; Leedu Teatri, Muusika ja<br>Filmimuuseum, Vilnius; Wabalinna Maja, Walge Galerii, Paide; Fields Trade Center, Kopenhaagen,<br>Taani; Pal\u00e1cio das Artes &#8211; F\u00e1brica de Talentos, Porto, Portugal; Camoes-i Instituut, Lissabon, Portugal;<br>AmbulArtoorium, Kasep\u00e4\u00e4; Pico Meremuuseumi kunstikeskus, Assoorid, Portugal; Viru Keskus<br>Tallinnas; V\u00f5ru linnagalerii, kultuurimaja \u201cKannel\u201d; Tartu Loomemajanduskeskus; Ribeira Grande<br>Linnateater, Ponta Delgada, Assoorid; Narva muuseumi Kunstigalerii; FAMA keskus Narvas; ERM.<br>Ta on teinud ka palju n\u00e4itusi kontorites, koolides, linnaruumis, jm sh: Skype; Fujitsu; Transferwise<br>Tallinn &amp; London; Playtech; Nortal; Solaris Keskus; Tasku Keskus, Eesti Lennuakadeemia; Balti<br>Kaitsekolled\u017e; L\u00f5una-Taani \u00dclikool, Odense; N\u00f5o kirik; Tartu Salemi kirik; Riigikohus; P\u00e4rnu<br>Maavalitsus; V\u00e4lisministeerium; Majandusministeerium; Kopenhaageni \u00c4rik\u00f5rgkool; P\u00f5hjamaade<br>Ministrite N\u00f5ukogu esindus Eestis, Eesti Biokeskus; jt.<\/p>\n\n\n\n<p>50+ \u00fchisn\u00e4itust Eestis, Soomes, L\u00e4tis, Leedus, Rootsis, Saksamaal, Hollandis, Austrias, Venemaal,<br>Ukrainas, Veneetsias, UK-s, USA-s. Muuhulgas Abu Dhabi Art Hub, Eesti Kunstikuu; Veneetsia Arsenal,<br>\u201cArte Laguna Prize\u201d finaal; \u201cUkrainian Art Week\u201d; \u201cRahu\u201d, Pariis; Vilniuse raekoda; &#8220;Longing for<br>Freedom&#8221;, Oxford Castle Prison, Oxford; Palette of Friendship, Batumi, Gruusia; L\u00fcneburg<br>HanseArtWorks; Charlatan Ink Art Prize finaaln\u00e4itus, New York; \u201cHullunud Tartu\u201d; \u201cPidulik kunstisuvi<br>Viinistus\u201d; Tartu Kunstnike Liidu n\u00e4itus Porvoos; Maalikunstnike Liidu aastan\u00e4itus \u201e\u00c4ratus!\u201d<br>Rotermanni Soolalaos; 2007; Tallinna rahvusvaheline graafikatriennaal Kumus; NORD ART \u2013<br>B\u00fcdelsdorf, Saksamaa; Eesti Kunstnike Liidu Aastan\u00e4itus \u201cElamise kunst\u201d Tallinna Kunstihoones.<br>Paljudel Tartu Kunsti aastan\u00e4itustel.<\/p>\n\n\n\n<p><br><strong>Valik tunnustusi:<\/strong><br>I preemia Tampere Moodsa Kunsti Muuseumi linnaruumi teose konkursil, 2009;<br>I Balti Biennaali diplom Peterburis Manee\u017ei kunstikeskuses, 2008<br>III koht eksperimentaalgraafika kategoorias konkursil \u201cUkrainian Art Week\u201d, 2009;<br>\u201cArte Laguna Prize\u201d finaaln\u00e4itus, Veneetsia Arsenal, 2010.<\/p>\n","protected":false},"excerpt":{"rendered":"<p>I N\u00e4ituse pikem tutvustus I CV I Fotod teostest, n\u00e4ituselt ja avamiselt III About the exhibition in English I N\u00e4itusel [&hellip;]<\/p>\n","protected":false},"author":1,"featured_media":0,"parent":0,"menu_order":0,"comment_status":"closed","ping_status":"closed","template":"","meta":{"_uag_custom_page_level_css":"","_monsterinsights_skip_tracking":false,"_monsterinsights_sitenote_active":false,"_monsterinsights_sitenote_note":"","_monsterinsights_sitenote_category":0,"site-sidebar-layout":"default","site-content-layout":"","ast-site-content-layout":"","site-content-style":"default","site-sidebar-style":"default","ast-global-header-display":"","ast-banner-title-visibility":"","ast-main-header-display":"","ast-hfb-above-header-display":"","ast-hfb-below-header-display":"","ast-hfb-mobile-header-display":"","site-post-title":"","ast-breadcrumbs-content":"","ast-featured-img":"","footer-sml-layout":"","theme-transparent-header-meta":"","adv-header-id-meta":"","stick-header-meta":"","header-above-stick-meta":"","header-main-stick-meta":"","header-below-stick-meta":"","astra-migrate-meta-layouts":"default","ast-page-background-enabled":"default","ast-page-background-meta":{"desktop":{"background-color":"var(--ast-global-color-4)","background-image":"","background-repeat":"repeat","background-position":"center center","background-size":"auto","background-attachment":"scroll","background-type":"","background-media":"","overlay-type":"","overlay-color":"","overlay-opacity":"","overlay-gradient":""},"tablet":{"background-color":"","background-image":"","background-repeat":"repeat","background-position":"center center","background-size":"auto","background-attachment":"scroll","background-type":"","background-media":"","overlay-type":"","overlay-color":"","overlay-opacity":"","overlay-gradient":""},"mobile":{"background-color":"","background-image":"","background-repeat":"repeat","background-position":"center center","background-size":"auto","background-attachment":"scroll","background-type":"","background-media":"","overlay-type":"","overlay-color":"","overlay-opacity":"","overlay-gradient":""}},"ast-content-background-meta":{"desktop":{"background-color":"var(--ast-global-color-5)","background-image":"","background-repeat":"repeat","background-position":"center center","background-size":"auto","background-attachment":"scroll","background-type":"","background-media":"","overlay-type":"","overlay-color":"","overlay-opacity":"","overlay-gradient":""},"tablet":{"background-color":"var(--ast-global-color-5)","background-image":"","background-repeat":"repeat","background-position":"center center","background-size":"auto","background-attachment":"scroll","background-type":"","background-media":"","overlay-type":"","overlay-color":"","overlay-opacity":"","overlay-gradient":""},"mobile":{"background-color":"var(--ast-global-color-5)","background-image":"","background-repeat":"repeat","background-position":"center center","background-size":"auto","background-attachment":"scroll","background-type":"","background-media":"","overlay-type":"","overlay-color":"","overlay-opacity":"","overlay-gradient":""}},"ngg_post_thumbnail":0,"footnotes":""},"folder":[35],"class_list":["post-652","page","type-page","status-publish","hentry"],"uagb_featured_image_src":{"full":false,"thumbnail":false,"medium":false,"medium_large":false,"large":false,"1536x1536":false,"2048x2048":false,"mailpoet_newsletter_max":false},"uagb_author_info":{"display_name":"admin","author_link":"https:\/\/kasemaa.ee\/m\/author\/admin\/"},"uagb_comment_info":0,"uagb_excerpt":"I N\u00e4ituse pikem tutvustus I CV I Fotod teostest, n\u00e4ituselt ja avamiselt III About the exhibition in English I N\u00e4itusel [&hellip;]","jetpack_sharing_enabled":true,"_links":{"self":[{"href":"https:\/\/kasemaa.ee\/m\/wp-json\/wp\/v2\/pages\/652","targetHints":{"allow":["GET"]}}],"collection":[{"href":"https:\/\/kasemaa.ee\/m\/wp-json\/wp\/v2\/pages"}],"about":[{"href":"https:\/\/kasemaa.ee\/m\/wp-json\/wp\/v2\/types\/page"}],"author":[{"embeddable":true,"href":"https:\/\/kasemaa.ee\/m\/wp-json\/wp\/v2\/users\/1"}],"replies":[{"embeddable":true,"href":"https:\/\/kasemaa.ee\/m\/wp-json\/wp\/v2\/comments?post=652"}],"version-history":[{"count":42,"href":"https:\/\/kasemaa.ee\/m\/wp-json\/wp\/v2\/pages\/652\/revisions"}],"predecessor-version":[{"id":795,"href":"https:\/\/kasemaa.ee\/m\/wp-json\/wp\/v2\/pages\/652\/revisions\/795"}],"wp:attachment":[{"href":"https:\/\/kasemaa.ee\/m\/wp-json\/wp\/v2\/media?parent=652"}],"wp:term":[{"taxonomy":"folder","embeddable":true,"href":"https:\/\/kasemaa.ee\/m\/wp-json\/wp\/v2\/folder?post=652"}],"curies":[{"name":"wp","href":"https:\/\/api.w.org\/{rel}","templated":true}]}}